{"id":815,"date":"2020-02-12T14:58:58","date_gmt":"2020-02-12T13:58:58","guid":{"rendered":"https:\/\/ideawedding.it\/privacy-cookie-policy\/"},"modified":"2020-02-12T14:58:59","modified_gmt":"2020-02-12T13:58:59","slug":"privacy-cookie-policy","status":"publish","type":"page","link":"https:\/\/ideawedding.it\/en\/privacy-cookie-policy\/","title":{"rendered":"Privacy &#038; Cookie Policy"},"content":{"rendered":"[vc_row css=&#8221;.vc_custom_1574459637534{padding-top: 30px !important;}&#8221;][vc_column][vc_custom_heading source=&#8221;post_title&#8221; font_container=&#8221;tag:h1|text_align:left&#8221; use_theme_fonts=&#8221;yes&#8221; css=&#8221;.vc_custom_1574460546869{margin-bottom: 60px !important;}&#8221;][vc_column_text]IDEAstand S.r.l., con sede legale in Via Giacomo Matteotti 121, 35026 Conselve (PD), P.IVA 04355450281 (in seguito, \u201cTitolare\u201d), in qualit\u00e0 di titolare del trattamento, La informa ai sensi dell\u2019art. 13 D.Lgs. 30.6.2003 n. 196 (in seguito, \u201cCodice Privacy\u201d) e dell\u2019art. 13 Regolamento UE n. 2016\/679 (in seguito, \u201cGDPR\u201d) che i Suoi dati saranno trattati con le modalit\u00e0 e per le finalit\u00e0 seguenti:\r\n\r\n&nbsp;[\/vc_column_text][vc_custom_heading text=&#8221;Oggetto del trattamento&#8221; use_theme_fonts=&#8221;yes&#8221;][vc_column_text]Il Titolare tratta i dati personali, identificativi (ad esempio, nome, cognome, ragione sociale, indirizzo, telefono, e-mail, riferimenti bancari e di pagamento \u2013 in seguito, \u201cdati personali\u201d o anche \u201cdati\u201d) da Lei comunicati in occasione della conclusione di contratti per i servizi del Titolare.\r\n\r\n&nbsp;[\/vc_column_text][vc_custom_heading text=&#8221;Finalit\u00e0 del trattamento&#8221; use_theme_fonts=&#8221;yes&#8221;][vc_column_text]I Suoi dati personali sono trattati senza il Suo consenso espresso (art. 24 lett. a), b), c) Codice Privacy e art. 6 lett. b), e) GDPR), per le seguenti Finalit\u00e0 di Servizio:\r\n\u2013 concludere i contratti per i servizi del Titolare;\r\n\u2013 adempiere agli obblighi precontrattuali, contrattuali e fiscali derivanti da rapporti con Lei in essere;\r\n\u2013 adempiere agli obblighi previsti dalla legge, da un regolamento, dalla normativa comunitaria o da un ordine dell\u2019Autorit\u00e0 (come ad esempio in materia di antiriciclaggio);\r\n\u2013 esercitare i diritti del Titolare, ad esempio il diritto di difesa in giudizio.\r\n\r\n&nbsp;[\/vc_column_text][vc_custom_heading text=&#8221;Modalit\u00e0 del trattamento&#8221; use_theme_fonts=&#8221;yes&#8221;][vc_column_text]Il trattamento dei Suoi dati personali \u00e8 realizzato per mezzo delle operazioni indicate all\u2019art. 4 Codice Privacy e all\u2019art. 4 n. 2) GDPR e precisamente: raccolta, registrazione, organizzazione, conservazione, consultazione, elaborazione, modificazione, selezione, estrazione, raffronto, utilizzo, interconnessione, blocco, comunicazione, cancellazione e distruzione dei dati. I Suoi dati personali sono sottoposti a trattamento sia cartaceo che elettronico e\/o automatizzato.\r\nIl Titolare tratter\u00e0 i dati personali per il tempo necessario per adempiere alle finalit\u00e0 di cui sopra e comunque per non oltre 10 anni dalla cessazione del rapporto per le Finalit\u00e0 di Servizio.\r\n\r\n&nbsp;[\/vc_column_text][vc_custom_heading text=&#8221;Accesso ai dati&#8221; use_theme_fonts=&#8221;yes&#8221;][vc_column_text]I Suoi dati potranno essere resi accessibili per le finalit\u00e0 di cui all\u2019art. 2:\r\n\u2013 a dipendenti e collaboratori del Titolare, nella loro qualit\u00e0 di incaricati e\/o responsabili interni del trattamento e\/o amministratori di sistema;\r\n\u2013 a societ\u00e0 terze o altri soggetti (a titolo indicativo, istituti di credito, studi professionali, consulenti, societ\u00e0 di assicurazione per la prestazione di servizi assicurativi, etc.) che svolgono attivit\u00e0 in outsourcing per conto del Titolare, nella loro qualit\u00e0 di responsabili esterni del trattamento.\r\n\r\n&nbsp;[\/vc_column_text][vc_custom_heading text=&#8221;Comunicazione dei dati&#8221; use_theme_fonts=&#8221;yes&#8221;][vc_column_text]Senza la necessit\u00e0 di un espresso consenso (ex art. 24 lett. a), b), d) Codice Privacy e art. 6 lett. b) e c) GDPR), il Titolare potr\u00e0 comunicare i Suoi dati per le finalit\u00e0 di cui all\u2019art. 2 a Organismi di vigilanza (quali IVASS), Autorit\u00e0 giudiziarie, a societ\u00e0 di assicurazione per la prestazione di servizi assicurativi, nonch\u00e9 a quei soggetti ai quali la comunicazione sia obbligatoria per legge per l\u2019espletamento delle finalit\u00e0 dette. Detti soggetti tratteranno i dati nella loro qualit\u00e0 di autonomi titolari del trattamento.\r\nI Suoi dati non saranno diffusi.\r\n\r\n&nbsp;[\/vc_column_text][vc_custom_heading text=&#8221;Sicurezza&#8221; use_theme_fonts=&#8221;yes&#8221;][vc_column_text]I dati vengono custoditi e controllati mediante adozione di idonee misure preventive di sicurezza, volte a ridurre al minimo i rischi di perdita e distruzione, di accesso non autorizzato, di trattamento non consentito e difforme dalle finalit\u00e0 per cui il trattamento viene effettuato.\r\n\r\n&nbsp;[\/vc_column_text][vc_custom_heading text=&#8221;Trasferimento dati&#8221; use_theme_fonts=&#8221;yes&#8221;][vc_column_text]La gestione e la conservazione dei dati personali avverr\u00e0 nel territorio dell\u2019Unione Europea.\r\n\r\n&nbsp;[\/vc_column_text][vc_custom_heading text=&#8221;Diritti dell&#8217;interessato&#8221; use_theme_fonts=&#8221;yes&#8221;][vc_column_text]Nella Sua qualit\u00e0 di interessato, ha il diritto di cui all\u2019art. 15 GDPR e precisamente i diritti di:\r\n<ul>\r\n \t<li>ottenere la conferma dell\u2019esistenza o meno di dati personali che La riguardano, anche se non ancora registrati, e la loro comunicazione in forma intelligibile;<\/li>\r\n \t<li>ottenere l\u2019indicazione: a) dell\u2019origine dei dati personali; b) delle finalit\u00e0 e modalit\u00e0 del trattamento; c) della logica applicata in caso di trattamento effettuato con l\u2019ausilio di strumenti elettronici; d) degli estremi identificativi del titolare, dei responsabili e del rappresentante designato ai sensi dell\u2019art. 5, comma 2 Codice Privacy e art. 3, comma 1, GDPR; e) dei soggetti o delle categorie di soggetti ai quali i dati personali possono essere comunicati o che possono venirne a conoscenza in qualit\u00e0 di rappresentante designato nel territorio dello Stato, di responsabili o incaricati;<\/li>\r\n \t<li>ottenere: a) l\u2019aggiornamento, la rettifica ovvero l\u2019integrazione dei dati; b) la cancellazione, la trasformazione in forma anonima o il blocco dei dati trattati in violazione di legge, compresi quelli di cui non \u00e8 necessaria la conservazione in relazione agli scopi per i quali i dati sono stati raccolti o successivamente trattati; c) l\u2019attestazione che le operazioni di cui alle lettere a) e b) sono state portate a conoscenza, anche per quanto riguarda il loro contenuto, di coloro ai quali i dati sono stati comunicati o diffusi, eccettuato il caso in cui tale adempimento si rivela impossibile o comporta un impiego di mezzi manifestamente sproporzionato rispetto al diritto tutelato;<\/li>\r\n \t<li>opporsi, in tutto o in parte per motivi legittimi al trattamento dei dati personali che La riguardano, ancorch\u00e9 pertinenti allo scopo della raccolta.\r\nOve applicabili, Lei ha altres\u00ec i diritti di cui agli artt. 16-21 GDPR (Diritto di rettifica, diritto all\u2019oblio, diritto di limitazione di trattamento, diritto alla portabilit\u00e0 dei dati, diritto di opposizione), nonch\u00e9 il diritto di reclamo all\u2019Autorit\u00e0 Garante.<\/li>\r\n<\/ul>\r\n&nbsp;[\/vc_column_text][vc_custom_heading text=&#8221;Modalit\u00e0 di esercizio dei diritti&#8221; use_theme_fonts=&#8221;yes&#8221;][vc_column_text]\r\n\r\nPotr\u00e0 in qualsiasi momento esercitare i diritti inviando una comunicazione:\r\n1. via e-mail, all\u2019indirizzo:\u00a0<a href=\"mailto:amministrazione@ideastand.it\">amministrazione@ideastand.it<\/a>;\r\n2. oppure via posta A.R., a: IDEAstand S.r.l., Via Giacomo Matteotti 121, 35026 Conselve (PD).\r\n\r\n&nbsp;[\/vc_column_text][vc_custom_heading text=&#8221;Titolare, responsabile e incaricati&#8221; use_theme_fonts=&#8221;yes&#8221;][vc_column_text]Il Titolare del trattamento \u00e8 IDEAstand S.r.l..\r\nL\u2019elenco aggiornato dei responsabili e degli incaricati al trattamento \u00e8 custodito ed \u00e8 consultabile presso la sede del Titolare del trattamento.\r\n\r\n&nbsp;[\/vc_column_text][vc_custom_heading text=&#8221;Cookie policy&#8221; use_theme_fonts=&#8221;yes&#8221;][vc_column_text]A meno di previsione esplicita nell\u2019apposita finestra pop-up del sito internet, non vengono utilizzati Cookies Analitici (di Profilazione) ma solamente Cookies Tecnici, che non richiedono il consenso.\r\n\r\nCon la procedura di seguito riportata, \u00e8 comunque possibile disinstallare anche i Cookies Tecnici, tale operazione potrebbe per\u00f2 compromettere e\/o limitare la navigabilit\u00e0 del sito.\r\n\r\nPer disattivare i Cookies Tecnici, a seconda del browser utilizzato, seguire le istruzioni riportate nelle pagine internet collegate ai seguenti link:\r\n<ul>\r\n \t<li><a href=\"https:\/\/support.google.com\/chrome\/answer\/95647?hl=it\">Chrome<\/a><\/li>\r\n \t<li><a href=\"https:\/\/support.mozilla.org\/it\/kb\/Gestione%2520dei%2520cookie\">Firefox<\/a><\/li>\r\n \t<li><a href=\"https:\/\/support.microsoft.com\/it-it\/help\/17442\/windows-internet-explorer-delete-manage-cookies\">Internet Explorer<\/a><\/li>\r\n \t<li><a href=\"https:\/\/support.apple.com\/kb\/PH21411?viewlocale=it_IT&amp;locale=it_IT\">Safari per Mac<\/a><\/li>\r\n \t<li><a href=\"http:\/\/support.apple.com\/kb\/HT1677?viewlocale=it_IT\">Safari per iOS<\/a><\/li>\r\n \t<li><a href=\"http:\/\/help.opera.com\/Windows\/10.00\/it\/cookies.html\">Opera<\/a><\/li>\r\n<\/ul>\r\n&nbsp;[\/vc_column_text][\/vc_column][\/vc_row]\r\n","protected":false},"excerpt":{"rendered":"<p>[vc_row css=&#8221;.vc_custom_1574459637534{padding-top: 30px !important;}&#8221;][vc_column][vc_custom_heading source=&#8221;post_title&#8221; font_container=&#8221;tag:h1|text_align:left&#8221; use_theme_fonts=&#8221;yes&#8221; css=&#8221;.vc_custom_1574460546869{margin-bottom: 60px !important;}&#8221;][vc_column_text]IDEAstand S.r.l., con sede legale in Via Giacomo Matteotti 121, 35026 Conselve (PD), P.IVA 04355450281 (in seguito, \u201cTitolare\u201d), in qualit\u00e0 di titolare del trattamento, La informa ai sensi dell\u2019art. 13 D.Lgs. 30.6.2003 n. 196 (in seguito, \u201cCodice Privacy\u201d) e dell\u2019art. 13 Regolamento UE n. 2016\/679 (in [&hellip;]<\/p>\n","protected":false},"author":8,"featured_media":0,"parent":0,"menu_order":9999,"comment_status":"closed","ping_status":"closed","template":"","meta":[],"yoast_head":"<!-- This site is optimized with the Yoast SEO plugin v15.6.2 - https:\/\/yoast.com\/wordpress\/plugins\/seo\/ -->\n<title>Privacy &amp; Cookie Policy - IdeaWedding, strutture outdoor per matrimoni<\/title>\n<meta name=\"robots\" content=\"index, follow, max-snippet:-1, max-image-preview:large, max-video-preview:-1\" \/>\n<link rel=\"canonical\" href=\"https:\/\/ideawedding.it\/en\/privacy-cookie-policy\/\" \/>\n<meta property=\"og:locale\" content=\"en_US\" \/>\n<meta property=\"og:type\" content=\"article\" \/>\n<meta property=\"og:title\" content=\"Privacy &amp; Cookie Policy - IdeaWedding, strutture outdoor per matrimoni\" \/>\n<meta property=\"og:description\" content=\"[vc_row css=&#8221;.vc_custom_1574459637534{padding-top: 30px !important;}&#8221;][vc_column][vc_custom_heading source=&#8221;post_title&#8221; font_container=&#8221;tag:h1|text_align:left&#8221; use_theme_fonts=&#8221;yes&#8221; css=&#8221;.vc_custom_1574460546869{margin-bottom: 60px !important;}&#8221;][vc_column_text]IDEAstand S.r.l., con sede legale in Via Giacomo Matteotti 121, 35026 Conselve (PD), P.IVA 04355450281 (in seguito, \u201cTitolare\u201d), in qualit\u00e0 di titolare del trattamento, La informa ai sensi dell\u2019art. 13 D.Lgs. 30.6.2003 n. 196 (in seguito, \u201cCodice Privacy\u201d) e dell\u2019art. 13 Regolamento UE n. 2016\/679 (in [&hellip;]\" \/>\n<meta property=\"og:url\" content=\"https:\/\/ideawedding.it\/en\/privacy-cookie-policy\/\" \/>\n<meta property=\"og:site_name\" content=\"IdeaWedding, strutture outdoor per matrimoni\" \/>\n<meta property=\"article:modified_time\" content=\"2020-02-12T13:58:59+00:00\" \/>\n<meta name=\"twitter:card\" content=\"summary_large_image\" \/>\n<meta name=\"twitter:label1\" content=\"Est. reading time\">\n\t<meta name=\"twitter:data1\" content=\"6 minutes\">\n<script type=\"application\/ld+json\" class=\"yoast-schema-graph\">{\"@context\":\"https:\/\/schema.org\",\"@graph\":[{\"@type\":\"Organization\",\"@id\":\"https:\/\/ideawedding.it\/en\/#organization\",\"name\":\"IdeaWedding\",\"url\":\"https:\/\/ideawedding.it\/en\/\",\"sameAs\":[],\"logo\":{\"@type\":\"ImageObject\",\"@id\":\"https:\/\/ideawedding.it\/en\/#logo\",\"inLanguage\":\"en-US\",\"url\":\"https:\/\/ideawedding.it\/wp-content\/uploads\/2020\/01\/Ideawedding_nero.png\",\"width\":500,\"height\":246,\"caption\":\"IdeaWedding\"},\"image\":{\"@id\":\"https:\/\/ideawedding.it\/en\/#logo\"}},{\"@type\":\"WebSite\",\"@id\":\"https:\/\/ideawedding.it\/en\/#website\",\"url\":\"https:\/\/ideawedding.it\/en\/\",\"name\":\"IdeaWedding, strutture outdoor per matrimoni\",\"description\":\"\",\"publisher\":{\"@id\":\"https:\/\/ideawedding.it\/en\/#organization\"},\"potentialAction\":[{\"@type\":\"SearchAction\",\"target\":\"https:\/\/ideawedding.it\/en\/?s={search_term_string}\",\"query-input\":\"required name=search_term_string\"}],\"inLanguage\":\"en-US\"},{\"@type\":\"WebPage\",\"@id\":\"https:\/\/ideawedding.it\/en\/privacy-cookie-policy\/#webpage\",\"url\":\"https:\/\/ideawedding.it\/en\/privacy-cookie-policy\/\",\"name\":\"Privacy & Cookie Policy - IdeaWedding, strutture outdoor per matrimoni\",\"isPartOf\":{\"@id\":\"https:\/\/ideawedding.it\/en\/#website\"},\"datePublished\":\"2020-02-12T13:58:58+00:00\",\"dateModified\":\"2020-02-12T13:58:59+00:00\",\"inLanguage\":\"en-US\",\"potentialAction\":[{\"@type\":\"ReadAction\",\"target\":[\"https:\/\/ideawedding.it\/en\/privacy-cookie-policy\/\"]}]}]}<\/script>\n<!-- \/ Yoast SEO plugin. -->","_links":{"self":[{"href":"https:\/\/ideawedding.it\/en\/wp-json\/wp\/v2\/pages\/815"}],"collection":[{"href":"https:\/\/ideawedding.it\/en\/wp-json\/wp\/v2\/pages"}],"about":[{"href":"https:\/\/ideawedding.it\/en\/wp-json\/wp\/v2\/types\/page"}],"author":[{"embeddable":true,"href":"https:\/\/ideawedding.it\/en\/wp-json\/wp\/v2\/users\/8"}],"replies":[{"embeddable":true,"href":"https:\/\/ideawedding.it\/en\/wp-json\/wp\/v2\/comments?post=815"}],"version-history":[{"count":4,"href":"https:\/\/ideawedding.it\/en\/wp-json\/wp\/v2\/pages\/815\/revisions"}],"predecessor-version":[{"id":819,"href":"https:\/\/ideawedding.it\/en\/wp-json\/wp\/v2\/pages\/815\/revisions\/819"}],"wp:attachment":[{"href":"https:\/\/ideawedding.it\/en\/wp-json\/wp\/v2\/media?parent=815"}],"curies":[{"name":"wp","href":"https:\/\/api.w.org\/{rel}","templated":true}]}}